{"id":628,"date":"2009-05-06T11:43:24","date_gmt":"2009-05-06T16:43:24","guid":{"rendered":"http:\/\/wpzoom.com\/zenko\/demo\/?page_id=3"},"modified":"2026-01-09T12:33:15","modified_gmt":"2026-01-09T12:33:15","slug":"contact","status":"publish","type":"page","link":"https:\/\/www.aurbox.com\/en\/contact\/","title":{"rendered":"Contact"},"content":{"rendered":"\t\t<div data-elementor-type=\"wp-page\" data-elementor-id=\"628\" class=\"elementor elementor-628\">\n\t\t\t\t\t\t<section class=\"elementor-section elementor-top-section elementor-element elementor-element-e9a6140 elementor-section-boxed elementor-section-height-default elementor-section-height-default\" data-id=\"e9a6140\" data-element_type=\"section\" data-e-type=\"section\">\n\t\t\t\t\t\t<div class=\"elementor-container elementor-column-gap-default\">\n\t\t\t\t\t\t<\/div>\n\t\t<\/section>\n\t\t\t\t<section class=\"elementor-section elementor-top-section elementor-element elementor-element-597b8389 elementor-section-boxed elementor-section-height-default elementor-section-height-default\" data-id=\"597b8389\" data-element_type=\"section\" data-e-type=\"section\">\n\t\t\t\t\t\t<div class=\"elementor-container elementor-column-gap-wider\">\n\t\t\t\t\t<div class=\"elementor-column elementor-col-50 elementor-top-column elementor-element elementor-element-24c75318\" data-id=\"24c75318\" data-element_type=\"column\" data-e-type=\"column\">\n\t\t\t<div class=\"elementor-widget-wrap elementor-element-populated\">\n\t\t\t\t\t\t<div class=\"elementor-element elementor-element-25c4d9f2 elementor-widget elementor-widget-heading\" data-id=\"25c4d9f2\" data-element_type=\"widget\" data-e-type=\"widget\" data-widget_type=\"heading.default\">\n\t\t\t\t<div class=\"elementor-widget-container\">\n\t\t\t\t\t<h2 class=\"elementor-heading-title elementor-size-default\"><div><div><div><div><div><main role=\"main\"><article><div><div data-elementor-type=\"wp-page\" data-elementor-id=\"79\"><div data-id=\"b4e0adc\" data-element_type=\"container\"><div><div data-id=\"260b787\" data-element_type=\"widget\" data-widget_type=\"heading.default\"><div><h2>Contacta sin compromiso<br><\/h2><\/div><\/div><\/div><\/div><\/div><\/div><\/article><\/main><\/div><\/div><\/div><\/div><\/div><\/h2>\t\t\t\t<\/div>\n\t\t\t\t<\/div>\n\t\t\t\t<div class=\"elementor-element elementor-element-8c6a72f elementor-widget elementor-widget-wpforms\" data-id=\"8c6a72f\" data-element_type=\"widget\" data-e-type=\"widget\" data-widget_type=\"wpforms.default\">\n\t\t\t\t<div class=\"elementor-widget-container\">\n\t\t\t\t\t<div class=\"wpforms-container wpforms-container-full wpforms-render-modern\" id=\"wpforms-6837\"><form id=\"wpforms-form-6837\" class=\"wpforms-validate wpforms-form wpforms-ajax-form\" data-formid=\"6837\" method=\"post\" enctype=\"multipart\/form-data\" action=\"\/en\/wp-json\/wp\/v2\/pages\/628\" data-token=\"d28a31ac0864d30e67f066dea67b0f22\" data-token-time=\"1778070889\"><noscript class=\"wpforms-error-noscript\">Please enable JavaScript in your browser to complete this form.<\/noscript><div id=\"wpforms-error-noscript\" style=\"display: none;\">Please enable JavaScript in your browser to complete this form.<\/div><div class=\"wpforms-field-container\">\t\t<div id=\"wpforms-6837-field_5-container\"\n\t\t\tclass=\"wpforms-field wpforms-field-text\"\n\t\t\tdata-field-type=\"text\"\n\t\t\tdata-field-id=\"5\"\n\t\t\t>\n\t\t\t<label class=\"wpforms-field-label\" for=\"wpforms-6837-field_5\" >mensaje Tel\u00e9fono Comentario<\/label>\n\t\t\t<input type=\"text\" id=\"wpforms-6837-field_5\" class=\"wpforms-field-medium\" name=\"wpforms[fields][5]\" >\n\t\t<\/div>\n\t\t<div id=\"wpforms-6837-field_1-container\" class=\"wpforms-field wpforms-field-name\" data-field-id=\"1\"><label class=\"wpforms-field-label\" for=\"wpforms-6837-field_1\">Nombre <span class=\"wpforms-required-label\" aria-hidden=\"true\">*<\/span><\/label><input type=\"text\" id=\"wpforms-6837-field_1\" class=\"wpforms-field-medium wpforms-field-required\" name=\"wpforms[fields][1]\" aria-errormessage=\"wpforms-6837-field_1-error\" required><\/div><div id=\"wpforms-6837-field_2-container\" class=\"wpforms-field wpforms-field-email\" data-field-id=\"2\"><label class=\"wpforms-field-label\" for=\"wpforms-6837-field_2\">Correo electr\u00f3nico <span class=\"wpforms-required-label\" aria-hidden=\"true\">*<\/span><\/label><input type=\"email\" id=\"wpforms-6837-field_2\" class=\"wpforms-field-medium wpforms-field-required\" name=\"wpforms[fields][2]\" spellcheck=\"false\" aria-errormessage=\"wpforms-6837-field_2-error\" required><\/div><div id=\"wpforms-6837-field_4-container\" class=\"wpforms-field wpforms-field-text\" data-field-id=\"4\"><label class=\"wpforms-field-label\" for=\"wpforms-6837-field_4\">Tel\u00e9fono<\/label><input type=\"text\" id=\"wpforms-6837-field_4\" class=\"wpforms-field-medium wpforms-limit-characters-enabled\" data-form-id=\"6837\" data-field-id=\"4\" data-text-limit=\"20\" name=\"wpforms[fields][4]\" aria-errormessage=\"wpforms-6837-field_4-error\" maxlength=\"20\" ><\/div><div id=\"wpforms-6837-field_3-container\" class=\"wpforms-field wpforms-field-textarea\" data-field-id=\"3\"><label class=\"wpforms-field-label\" for=\"wpforms-6837-field_3\">Comentario o mensaje<\/label><textarea id=\"wpforms-6837-field_3\" class=\"wpforms-field-medium\" name=\"wpforms[fields][3]\" aria-errormessage=\"wpforms-6837-field_3-error\" ><\/textarea><\/div><script>\n\t\t\t\t( function() {\n\t\t\t\t\tconst style = document.createElement( 'style' );\n\t\t\t\t\tstyle.appendChild( document.createTextNode( '#wpforms-6837-field_5-container { position: absolute !important; overflow: hidden !important; display: inline !important; height: 1px !important; width: 1px !important; z-index: -1000 !important; padding: 0 !important; } #wpforms-6837-field_5-container input { visibility: hidden; } #wpforms-conversational-form-page #wpforms-6837-field_5-container label { counter-increment: none; }' ) );\n\t\t\t\t\tdocument.head.appendChild( style );\n\t\t\t\t\tdocument.currentScript?.remove();\n\t\t\t\t} )();\n\t\t\t<\/script><\/div><!-- .wpforms-field-container --><div class=\"wpforms-recaptcha-container wpforms-is-recaptcha wpforms-is-recaptcha-type-v2\" ><div class=\"g-recaptcha\" data-sitekey=\"6Ld0yQEsAAAAAJEd30ld6fBszTjDimBGwrrth_x3\"><\/div><input type=\"text\" name=\"g-recaptcha-hidden\" class=\"wpforms-recaptcha-hidden\" style=\"position:absolute!important;clip:rect(0,0,0,0)!important;height:1px!important;width:1px!important;border:0!important;overflow:hidden!important;padding:0!important;margin:0!important;\" data-rule-recaptcha=\"1\"><\/div><div class=\"wpforms-submit-container\" ><input type=\"hidden\" name=\"wpforms[id]\" value=\"6837\"><input type=\"hidden\" name=\"page_title\" value=\"\"><input type=\"hidden\" name=\"page_url\" value=\"https:\/\/www.aurbox.com\/en\/wp-json\/wp\/v2\/pages\/628\"><input type=\"hidden\" name=\"url_referer\" value=\"\"><button type=\"submit\" name=\"wpforms[submit]\" id=\"wpforms-submit-6837\" class=\"wpforms-submit\" data-alt-text=\"Enviando...\" data-submit-text=\"Enviar\" aria-live=\"assertive\" value=\"wpforms-submit\">Enviar<\/button><img decoding=\"async\" src=\"https:\/\/www.aurbox.com\/wp-content\/plugins\/wpforms-lite\/assets\/images\/submit-spin.svg\" class=\"wpforms-submit-spinner\" style=\"display: none;\" width=\"26\" height=\"26\" alt=\"Loading\"><\/div><\/form><\/div>  <!-- .wpforms-container -->\t\t\t\t<\/div>\n\t\t\t\t<\/div>\n\t\t\t\t\t<\/div>\n\t\t<\/div>\n\t\t\t\t<div class=\"elementor-column elementor-col-50 elementor-top-column elementor-element elementor-element-55d5d8d\" data-id=\"55d5d8d\" data-element_type=\"column\" data-e-type=\"column\">\n\t\t\t<div class=\"elementor-widget-wrap elementor-element-populated\">\n\t\t\t\t\t\t<div class=\"elementor-element elementor-element-11aa5dd elementor-widget elementor-widget-google_maps\" data-id=\"11aa5dd\" data-element_type=\"widget\" data-e-type=\"widget\" data-widget_type=\"google_maps.default\">\n\t\t\t\t<div class=\"elementor-widget-container\">\n\t\t\t\t\t\t\t<div class=\"elementor-custom-embed\">\n\t\t\t<iframe loading=\"lazy\"\n\t\t\t\t\tsrc=\"https:\/\/maps.google.com\/maps?q=Carrer%20de%20Vilafranca%2C%207%2C%20Gr%C3%A0cia%2C%2008024%20Barcelona&#038;t=m&#038;z=14&#038;output=embed&#038;iwloc=near\"\n\t\t\t\t\ttitle=\"Carrer de Vilafranca, 7, Gr\u00e0cia, 08024 Barcelona\"\n\t\t\t\t\taria-label=\"Carrer de Vilafranca, 7, Gr\u00e0cia, 08024 Barcelona\"\n\t\t\t><\/iframe>\n\t\t<\/div>\n\t\t\t\t\t\t<\/div>\n\t\t\t\t<\/div>\n\t\t\t\t<section class=\"elementor-section elementor-inner-section elementor-element elementor-element-6fd7091 elementor-section-boxed elementor-section-height-default elementor-section-height-default\" data-id=\"6fd7091\" data-element_type=\"section\" data-e-type=\"section\">\n\t\t\t\t\t\t<div class=\"elementor-container elementor-column-gap-no\">\n\t\t\t\t\t<div class=\"elementor-column elementor-col-50 elementor-inner-column elementor-element elementor-element-d003602\" data-id=\"d003602\" data-element_type=\"column\" data-e-type=\"column\">\n\t\t\t<div class=\"elementor-widget-wrap elementor-element-populated\">\n\t\t\t\t\t\t<div class=\"elementor-element elementor-element-f3887d5 elementor-widget elementor-widget-text-editor\" data-id=\"f3887d5\" data-element_type=\"widget\" data-e-type=\"widget\" data-widget_type=\"text-editor.default\">\n\t\t\t\t<div class=\"elementor-widget-container\">\n\t\t\t\t\t\t\t\t\t<h4>\u00bfDonde estamos?<\/h4><p>Carrer de Vilafranca, 7<br \/>08024 Gr\u00e0cia<br \/>Barcelona<br \/>Spain<\/p>\t\t\t\t\t\t\t\t<\/div>\n\t\t\t\t<\/div>\n\t\t\t\t\t<\/div>\n\t\t<\/div>\n\t\t\t\t<div class=\"elementor-column elementor-col-50 elementor-inner-column elementor-element elementor-element-356e660\" data-id=\"356e660\" data-element_type=\"column\" data-e-type=\"column\">\n\t\t\t<div class=\"elementor-widget-wrap elementor-element-populated\">\n\t\t\t\t\t\t\t<\/div>\n\t\t<\/div>\n\t\t\t\t\t<\/div>\n\t\t<\/section>\n\t\t\t\t\t<\/div>\n\t\t<\/div>\n\t\t\t\t\t<\/div>\n\t\t<\/section>\n\t\t\t\t<section class=\"elementor-section elementor-top-section elementor-element elementor-element-17c65841 elementor-section-boxed elementor-section-height-default elementor-section-height-default\" data-id=\"17c65841\" data-element_type=\"section\" data-e-type=\"section\">\n\t\t\t\t\t\t<div class=\"elementor-container elementor-column-gap-default\">\n\t\t\t\t\t\t<\/div>\n\t\t<\/section>\n\t\t<div class=\"elementor-element elementor-element-be1e508 e-flex e-con-boxed e-con e-parent\" data-id=\"be1e508\" data-element_type=\"container\" data-e-type=\"container\">\n\t\t\t\t\t<div class=\"e-con-inner\">\n\t\t\t\t<div class=\"elementor-element elementor-element-b6944f0 elementor-widget elementor-widget-heading\" data-id=\"b6944f0\" data-element_type=\"widget\" data-e-type=\"widget\" data-widget_type=\"heading.default\">\n\t\t\t\t<div class=\"elementor-widget-container\">\n\t\t\t\t\t<h2 class=\"elementor-heading-title elementor-size-default\">Consultor\u00eda privada<\/h2>\t\t\t\t<\/div>\n\t\t\t\t<\/div>\n\t\t\t\t\t<\/div>\n\t\t\t\t<\/div>\n\t\t\t\t<section class=\"elementor-section elementor-top-section elementor-element elementor-element-8c0c0b8 elementor-section-boxed elementor-section-height-default elementor-section-height-default\" data-id=\"8c0c0b8\" data-element_type=\"section\" data-e-type=\"section\">\n\t\t\t\t\t\t<div class=\"elementor-container elementor-column-gap-custom\">\n\t\t\t\t\t<div class=\"elementor-column elementor-col-50 elementor-top-column elementor-element elementor-element-b01fff7\" data-id=\"b01fff7\" data-element_type=\"column\" data-e-type=\"column\">\n\t\t\t<div class=\"elementor-widget-wrap elementor-element-populated\">\n\t\t\t\t\t\t<div class=\"elementor-element elementor-element-e285089 elementor-widget elementor-widget-wpzoom-elementor-addons-team-members\" data-id=\"e285089\" data-element_type=\"widget\" data-e-type=\"widget\" data-widget_type=\"wpzoom-elementor-addons-team-members.default\">\n\t\t\t\t<div class=\"elementor-widget-container\">\n\t\t\t\t\t\n\t\t\t\t\t<figure class=\"wpz-member-figure\">\n\t\t\t\t<img fetchpriority=\"high\" decoding=\"async\" width=\"864\" height=\"1024\" src=\"https:\/\/www.aurbox.com\/wp-content\/uploads\/sites\/5\/2026\/01\/carlos_s_m-864x1024.jpeg\" class=\"elementor-animation-disable-animation attachment-large size-large wp-image-7146\" alt=\"Carlos Salgado CEO\" srcset=\"https:\/\/www.aurbox.com\/wp-content\/uploads\/sites\/5\/2026\/01\/carlos_s_m-864x1024.jpeg 864w, https:\/\/www.aurbox.com\/wp-content\/uploads\/sites\/5\/2026\/01\/carlos_s_m-253x300.jpeg 253w, https:\/\/www.aurbox.com\/wp-content\/uploads\/sites\/5\/2026\/01\/carlos_s_m-10x12.jpeg 10w, https:\/\/www.aurbox.com\/wp-content\/uploads\/sites\/5\/2026\/01\/carlos_s_m.jpeg 1137w\" sizes=\"100vw\" \/>\t\t\t<\/figure>\n\t\t\n\t\t<div class=\"wpz-member-body\">\n\t\t\t<h2 class=\"wpz-member-name\">Carlos Salgado<\/h2>\n\t\t\t\t\t\t\t<div class=\"wpz-member-position\">CEO<\/div>\n\t\t\t\n\t\t\t\t\t\t\t<div class=\"wpz-member-bio\">\n\t\t\t\t\t<p>Con m\u00e1s de 20 a\u00f1os explorando como las combinaciones de diferentes disciplinas* optimizan el ambiente laboral. <br><br>*<i> Programaci\u00f3n NeuroLing\u00fcistica PNL, coaching ejecutivo, de equipos e individual, Comunicaci\u00f3n Efectiva, neurociencia, neurom\u00e1rqueting, Agile, som\u00e1tica, arteterapia, teatro terap\u00e9utico, MTC, taichi, QiGong, danza, etc..<\/i><\/p>\n\t\t\t\t<\/div>\n\t\t\t\n\t\t\t\n\t\t\t\n\t\t\t\t\t<\/div>\n\t\t\t\t\t\t<\/div>\n\t\t\t\t<\/div>\n\t\t\t\t\t<\/div>\n\t\t<\/div>\n\t\t\t\t<div class=\"elementor-column elementor-col-50 elementor-top-column elementor-element elementor-element-b2117d1\" data-id=\"b2117d1\" data-element_type=\"column\" data-e-type=\"column\">\n\t\t\t<div class=\"elementor-widget-wrap elementor-element-populated\">\n\t\t\t\t\t\t<div class=\"elementor-element elementor-element-bb126f2 elementor-widget elementor-widget-text-editor\" data-id=\"bb126f2\" data-element_type=\"widget\" data-e-type=\"widget\" data-widget_type=\"text-editor.default\">\n\t\t\t\t<div class=\"elementor-widget-container\">\n\t\t\t\t\t\t\t\t\t<p>Puedes reservar directamente una sesi\u00f3n de consultor\u00eda profesional con <strong>Carlos Salgado<\/strong> para abordar en profundidad tus proyectos, retos o necesidades espec\u00edficas.<\/p>\n<p>Ideal para recibir asesoramiento estrat\u00e9gico, an\u00e1lisis detallados y soluciones personalizadas que impulsen el crecimiento y \u00e9xito de tu iniciativa.<\/p>\n<p>\u2022 Soluciones para equipos de alto rendimiento.<\/p><p>\u2022 Asesor\u00eda experta adaptada a tus necesidades.<\/p>\n<p>\u2022 Mejora eficiente en tus procesos y estrategias.<\/p>\n<p>\u2022 Coaching ejecutivo, de equipo o individual.<\/p>\n<p>\u2022 Perspectiva objetiva para decisiones clave.<\/p><p>\u2022 Resoluci\u00f3n y mediaci\u00f3n de conflictos.<\/p>\n<p>\u2022 Impulso al crecimiento y rentabilidad.<\/p>\n<p>\u2022 Ahorro de tiempo y recursos.<\/p>\t\t\t\t\t\t\t\t<\/div>\n\t\t\t\t<\/div>\n\t\t\t\t<div class=\"elementor-element elementor-element-5b8c475 elementor-align-center elementor-widget elementor-widget-button\" data-id=\"5b8c475\" data-element_type=\"widget\" data-e-type=\"widget\" data-widget_type=\"button.default\">\n\t\t\t\t<div class=\"elementor-widget-container\">\n\t\t\t\t\t\t\t\t\t<div class=\"elementor-button-wrapper\">\n\t\t\t\t\t<a class=\"elementor-button elementor-button-link elementor-size-md\" href=\"https:\/\/tidycal.com\/carlos-salgado\/aurbox-60-consulting-service\" target=\"_blank\" rel=\"noopener\">\n\t\t\t\t\t\t<span class=\"elementor-button-content-wrapper\">\n\t\t\t\t\t\t\t\t\t<span class=\"elementor-button-text\">Reserva tu reuni\u00f3n aqu\u00ed<\/span>\n\t\t\t\t\t<\/span>\n\t\t\t\t\t<\/a>\n\t\t\t\t<\/div>\n\t\t\t\t\t\t\t\t<\/div>\n\t\t\t\t<\/div>\n\t\t\t\t\t<\/div>\n\t\t<\/div>\n\t\t\t\t\t<\/div>\n\t\t<\/section>\n\t\t<div class=\"elementor-element elementor-element-aab7051 e-flex e-con-boxed e-con e-parent\" data-id=\"aab7051\" data-element_type=\"container\" data-e-type=\"container\">\n\t\t\t\t\t<div class=\"e-con-inner\">\n\t\t\t\t\t<\/div>\n\t\t\t\t<\/div>\n\t\t\t\t<\/div>\n\t\t","protected":false},"excerpt":{"rendered":"<p>Contacta sin compromiso Por favor, activa JavaScript en tu navegador para completar este formulario.Por favor, activa JavaScript en tu navegador para completar este formulario.Nombre *Correo electr\u00f3nico *Tel\u00e9fonoComentario o mensaje Enviar \u00bfDonde estamos? Carrer de Vilafranca, 708024 Gr\u00e0ciaBarcelonaSpain Consultor\u00eda privada Carlos Salgado CEO Con m\u00e1s de 20 a\u00f1os explorando como las combinaciones de diferentes disciplinas* optimizan &hellip; <\/p>\n<p class=\"link-more\"><a href=\"https:\/\/www.aurbox.com\/en\/contact\/\" class=\"more-link\">Read more<span class=\"screen-reader-text\"> \u00abContacto\u00bb<\/span><\/a><\/p>","protected":false},"author":1,"featured_media":0,"parent":0,"menu_order":0,"comment_status":"closed","ping_status":"closed","template":"page-templates\/full-width-builder-bb.php","meta":{"content-type":"","inspiro_hide_title":false,"footnotes":""},"class_list":["post-628","page","type-page","status-publish","hentry"],"featured_media_urls":[],"_links":{"self":[{"href":"https:\/\/www.aurbox.com\/en\/wp-json\/wp\/v2\/pages\/628","targetHints":{"allow":["GET"]}}],"collection":[{"href":"https:\/\/www.aurbox.com\/en\/wp-json\/wp\/v2\/pages"}],"about":[{"href":"https:\/\/www.aurbox.com\/en\/wp-json\/wp\/v2\/types\/page"}],"author":[{"embeddable":true,"href":"https:\/\/www.aurbox.com\/en\/wp-json\/wp\/v2\/users\/1"}],"replies":[{"embeddable":true,"href":"https:\/\/www.aurbox.com\/en\/wp-json\/wp\/v2\/comments?post=628"}],"version-history":[{"count":42,"href":"https:\/\/www.aurbox.com\/en\/wp-json\/wp\/v2\/pages\/628\/revisions"}],"predecessor-version":[{"id":7194,"href":"https:\/\/www.aurbox.com\/en\/wp-json\/wp\/v2\/pages\/628\/revisions\/7194"}],"wp:attachment":[{"href":"https:\/\/www.aurbox.com\/en\/wp-json\/wp\/v2\/media?parent=628"}],"curies":[{"name":"wp","href":"https:\/\/api.w.org\/{rel}","templated":true}]}}