{"id":7150,"date":"2026-01-09T09:16:36","date_gmt":"2026-01-09T09:16:36","guid":{"rendered":"https:\/\/www.aurbox.com\/?page_id=7150"},"modified":"2026-01-09T16:49:50","modified_gmt":"2026-01-09T16:49:50","slug":"equipos-de-alto-rendimiento-en-fusiones","status":"publish","type":"page","link":"https:\/\/www.aurbox.com\/en\/equipos-de-alto-rendimiento-en-fusiones\/","title":{"rendered":"Equipos de alto rendimiento en fusiones"},"content":{"rendered":"<div data-elementor-type=\"wp-page\" data-elementor-id=\"7150\" class=\"elementor elementor-7150\">\n\t\t\t\t<div class=\"elementor-element elementor-element-8345fae e-flex e-con-boxed e-con e-parent\" data-id=\"8345fae\" data-element_type=\"container\" data-e-type=\"container\">\n\t\t\t\t\t<div class=\"e-con-inner\">\n\t\t\t\t<div class=\"elementor-element elementor-element-c841cba elementor-widget elementor-widget-heading\" data-id=\"c841cba\" data-element_type=\"widget\" data-e-type=\"widget\" data-widget_type=\"heading.default\">\n\t\t\t\t<div class=\"elementor-widget-container\">\n\t\t\t\t\t<h2 class=\"elementor-heading-title elementor-size-default\">WHY DO MERGERS FAIL?<\/h2>\t\t\t\t<\/div>\n\t\t\t\t<\/div>\n\t\t\t\t<div class=\"elementor-element elementor-element-f4f297b elementor-align-start elementor-icon-list--layout-traditional elementor-list-item-link-full_width elementor-widget elementor-widget-icon-list\" data-id=\"f4f297b\" data-element_type=\"widget\" data-e-type=\"widget\" data-widget_type=\"icon-list.default\">\n\t\t\t\t<div class=\"elementor-widget-container\">\n\t\t\t\t\t\t\t<ul class=\"elementor-icon-list-items\">\n\t\t\t\t\t\t\t<li class=\"elementor-icon-list-item\">\n\t\t\t\t\t\t\t\t\t\t\t<span class=\"elementor-icon-list-icon\">\n\t\t\t\t\t\t\t<svg aria-hidden=\"true\" class=\"e-font-icon-svg e-fas-check\" viewbox=\"0 0 512 512\" xmlns=\"http:\/\/www.w3.org\/2000\/svg\"><path d=\"M173.898 439.404l-166.4-166.4c-9.997-9.997-9.997-26.206 0-36.204l36.203-36.204c9.997-9.998 26.207-9.998 36.204 0L192 312.69 432.095 72.596c9.997-9.997 26.207-9.997 36.204 0l36.203 36.204c9.997 9.997 9.997 26.206 0 36.204l-294.4 294.401c-9.998 9.997-26.207 9.997-36.204-.001z\"><\/path><\/svg>\t\t\t\t\t\t<\/span>\n\t\t\t\t\t\t\t\t\t\t<span class=\"elementor-icon-list-text\">Cultural clash and lack of alignment between old and new teams<\/span>\n\t\t\t\t\t\t\t\t\t<\/li>\n\t\t\t\t\t\t\t\t<li class=\"elementor-icon-list-item\">\n\t\t\t\t\t\t\t\t\t\t\t<span class=\"elementor-icon-list-icon\">\n\t\t\t\t\t\t\t<svg aria-hidden=\"true\" class=\"e-font-icon-svg e-fas-times\" viewbox=\"0 0 352 512\" xmlns=\"http:\/\/www.w3.org\/2000\/svg\"><path d=\"M242.72 256l100.07-100.07c12.28-12.28 12.28-32.19 0-44.48l-22.24-22.24c-12.28-12.28-32.19-12.28-44.48 0L176 189.28 75.93 89.21c-12.28-12.28-32.19-12.28-44.48 0L9.21 111.45c-12.28 12.28-12.28 32.19 0 44.48L109.28 256 9.21 356.07c-12.28 12.28-12.28 32.19 0 44.48l22.24 22.24c12.28 12.28 32.2 12.28 44.48 0L176 322.72l100.07 100.07c12.28 12.28 32.2 12.28 44.48 0l22.24-22.24c12.28-12.28 12.28-32.19 0-44.48L242.72 256z\"><\/path><\/svg>\t\t\t\t\t\t<\/span>\n\t\t\t\t\t\t\t\t\t\t<span class=\"elementor-icon-list-text\">Key talent flight and performance decline due to uncertainty<\/span>\n\t\t\t\t\t\t\t\t\t<\/li>\n\t\t\t\t\t\t\t\t<li class=\"elementor-icon-list-item\">\n\t\t\t\t\t\t\t\t\t\t\t<span class=\"elementor-icon-list-icon\">\n\t\t\t\t\t\t\t<svg aria-hidden=\"true\" class=\"e-font-icon-svg e-fas-dot-circle\" viewbox=\"0 0 512 512\" xmlns=\"http:\/\/www.w3.org\/2000\/svg\"><path d=\"M256 8C119.033 8 8 119.033 8 256s111.033 248 248 248 248-111.033 248-248S392.967 8 256 8zm80 248c0 44.112-35.888 80-80 80s-80-35.888-80-80 35.888-80 80-80 80 35.888 80 80z\"><\/path><\/svg>\t\t\t\t\t\t<\/span>\n\t\t\t\t\t\t\t\t\t\t<span class=\"elementor-icon-list-text\">Overwhelmed leaders who need guidance and support to build trust<\/span>\n\t\t\t\t\t\t\t\t\t<\/li>\n\t\t\t\t\t\t<\/ul>\n\t\t\t\t\t\t<\/div>\n\t\t\t\t<\/div>\n\t\t\t\t\t<\/div>\n\t\t\t\t<\/div>\n\t\t<div class=\"elementor-element elementor-element-d339b14 e-flex e-con-boxed e-con e-parent\" data-id=\"d339b14\" data-element_type=\"container\" data-e-type=\"container\">\n\t\t\t\t\t<div class=\"e-con-inner\">\n\t\t\t\t<div class=\"elementor-element elementor-element-87a8789 elementor-widget elementor-widget-heading\" data-id=\"87a8789\" data-element_type=\"widget\" data-e-type=\"widget\" data-widget_type=\"heading.default\">\n\t\t\t\t<div class=\"elementor-widget-container\">\n\t\t\t\t\t<h2 class=\"elementor-heading-title elementor-size-default\">AFTER THE MERGER, WE MAKE YOUR TEAMS ROW HARD IN THE SAME DIRECTION<\/h2>\t\t\t\t<\/div>\n\t\t\t\t<\/div>\n\t\t\t\t<div class=\"elementor-element elementor-element-aac7c12 elementor-widget elementor-widget-text-editor\" data-id=\"aac7c12\" data-element_type=\"widget\" data-e-type=\"widget\" data-widget_type=\"text-editor.default\">\n\t\t\t\t<div class=\"elementor-widget-container\">\n\t\t\t\t\t\t\t\t\t<p>We reduce cultural clash, retain key talent, and accelerate collaboration between teams so that integration is faster, with less friction, and with clear KPIs for climate, performance, and retention.<\/p>\t\t\t\t\t\t\t\t<\/div>\n\t\t\t\t<\/div>\n\t\t\t\t\t<\/div>\n\t\t\t\t<\/div>\n\t\t<div class=\"elementor-element elementor-element-12a5514 e-flex e-con-boxed e-con e-parent\" data-id=\"12a5514\" data-element_type=\"container\" data-e-type=\"container\">\n\t\t\t\t\t<div class=\"e-con-inner\">\n\t\t\t\t<div class=\"elementor-element elementor-element-defea30 elementor-widget elementor-widget-wpzoom-elementor-addons-image-box\" data-id=\"defea30\" data-element_type=\"widget\" data-e-type=\"widget\" data-widget_type=\"wpzoom-elementor-addons-image-box.default\">\n\t\t\t\t<div class=\"elementor-widget-container\">\n\t\t\t\t\t\t\t<div class=\"wpzoom-elementor-addons-image-box\">\n\t\t\t<h3>\n\t\t\t\t<span class=\"wpzoom-elementor-addons-image-box-link not-linked has-image\" style=\"background-image:url('https:\/\/www.aurbox.com\/wp-content\/uploads\/sites\/5\/2026\/01\/fusion_empresas.png');\"><span>Show Off Your Merger<\/span><\/span>\t\t\t<\/h3>\n\t\t<\/div><!-- \/\/.wpzoom-elementor-addons-image-box -->\n\t\t\t\t\t\t<\/div>\n\t\t\t\t<\/div>\n\t\t\t\t\t<\/div>\n\t\t\t\t<\/div>\n\t\t<div class=\"elementor-element elementor-element-d11daa1 e-flex e-con-boxed e-con e-parent\" data-id=\"d11daa1\" data-element_type=\"container\" data-e-type=\"container\">\n\t\t\t\t\t<div class=\"e-con-inner\">\n\t\t\t\t<div class=\"elementor-element elementor-element-f159f63 elementor-widget elementor-widget-heading\" data-id=\"f159f63\" data-element_type=\"widget\" data-e-type=\"widget\" data-widget_type=\"heading.default\">\n\t\t\t\t<div class=\"elementor-widget-container\">\n\t\t\t\t\t<h2 class=\"elementor-heading-title elementor-size-default\">Schedule a Free Assessment of Your Situation<\/h2>\t\t\t\t<\/div>\n\t\t\t\t<\/div>\n\t\t\t\t<div class=\"elementor-element elementor-element-28cf047 elementor-widget elementor-widget-hubspot-meeting\" data-id=\"28cf047\" data-element_type=\"widget\" data-e-type=\"widget\" data-widget_type=\"hubspot-meeting.default\">\n\t\t\t\t<div class=\"elementor-widget-container\">\n\t\t\t\t\t\n\t\t<div class=\"meetings-iframe-container\" data-src=\"https:\/\/meetings-eu1.hubspot.com\/carlos-salgado-mora?embed=true\"><\/div>\n\t\t<script>\n\t\t\tif(window.hbspt && window.hbspt.meetings){\n\t\t\t\twindow.hbspt.meetings.create(\".meetings-iframe-container\");\n\t\t\t}\n\t\t\t<\/script>\n\t\t\t\t\t\t<\/div>\n\t\t\t\t<\/div>\n\t\t\t\t\t<\/div>\n\t\t\t\t<\/div>\n\t\t\t\t<\/div>","protected":false},"excerpt":{"rendered":"<p>\u00bfPor qu\u00e9 fracasan las fusiones? Choque cultural y falta de alineaci\u00f3n entre equipos antiguos y nuevos Fuga de talento clave y bajada de rendimiento por incertidumbre L\u00edderes desbordados que necesitan asesoramiento y ayuda para generar confianza Despu\u00e9s de la fusi\u00f3n, hacemos que tus equipos remen con fuerza en la misma direcci\u00f3n Reducimos el choque cultural, &hellip; <\/p>\n<p class=\"link-more\"><a href=\"https:\/\/www.aurbox.com\/en\/equipos-de-alto-rendimiento-en-fusiones\/\" class=\"more-link\">Read more<span class=\"screen-reader-text\"> \u00abEquipos de alto rendimiento en fusiones\u00bb<\/span><\/a><\/p>","protected":false},"author":1,"featured_media":7184,"parent":0,"menu_order":0,"comment_status":"closed","ping_status":"closed","template":"","meta":{"content-type":"","inspiro_hide_title":false,"footnotes":""},"class_list":["post-7150","page","type-page","status-publish","has-post-thumbnail","hentry"],"featured_media_urls":{"thumbnail":["https:\/\/www.aurbox.com\/wp-content\/uploads\/sites\/5\/2026\/01\/problemas_en_la_fusion_de_empresas-150x150.jpg",150,150,true],"medium":["https:\/\/www.aurbox.com\/wp-content\/uploads\/sites\/5\/2026\/01\/problemas_en_la_fusion_de_empresas-300x164.jpg",300,164,true],"medium_large":["https:\/\/www.aurbox.com\/wp-content\/uploads\/sites\/5\/2026\/01\/problemas_en_la_fusion_de_empresas.jpg",768,419,false],"large":["https:\/\/www.aurbox.com\/wp-content\/uploads\/sites\/5\/2026\/01\/problemas_en_la_fusion_de_empresas.jpg",950,519,false],"1536x1536":["https:\/\/www.aurbox.com\/wp-content\/uploads\/sites\/5\/2026\/01\/problemas_en_la_fusion_de_empresas.jpg",1024,559,false],"2048x2048":["https:\/\/www.aurbox.com\/wp-content\/uploads\/sites\/5\/2026\/01\/problemas_en_la_fusion_de_empresas.jpg",1024,559,false],"trp-custom-language-flag":["https:\/\/www.aurbox.com\/wp-content\/uploads\/sites\/5\/2026\/01\/problemas_en_la_fusion_de_empresas-18x10.jpg",18,10,true],"inspiro-featured-image":["https:\/\/www.aurbox.com\/wp-content\/uploads\/sites\/5\/2026\/01\/problemas_en_la_fusion_de_empresas.jpg",1024,559,false],"inspiro-loop":["https:\/\/www.aurbox.com\/wp-content\/uploads\/sites\/5\/2026\/01\/problemas_en_la_fusion_de_empresas-950x320.jpg",950,320,true],"inspiro-loop@2x":["https:\/\/www.aurbox.com\/wp-content\/uploads\/sites\/5\/2026\/01\/problemas_en_la_fusion_de_empresas.jpg",1024,559,false],"portfolio_item-thumbnail":["https:\/\/www.aurbox.com\/wp-content\/uploads\/sites\/5\/2026\/01\/problemas_en_la_fusion_de_empresas-600x400.jpg",600,400,true],"portfolio_item-thumbnail@2x":["https:\/\/www.aurbox.com\/wp-content\/uploads\/sites\/5\/2026\/01\/problemas_en_la_fusion_de_empresas.jpg",1024,559,false],"portfolio_item-masonry":["https:\/\/www.aurbox.com\/wp-content\/uploads\/sites\/5\/2026\/01\/problemas_en_la_fusion_de_empresas-600x328.jpg",600,328,true],"portfolio_item-masonry@2x":["https:\/\/www.aurbox.com\/wp-content\/uploads\/sites\/5\/2026\/01\/problemas_en_la_fusion_de_empresas.jpg",1024,559,false],"portfolio_item-thumbnail_cinema":["https:\/\/www.aurbox.com\/wp-content\/uploads\/sites\/5\/2026\/01\/problemas_en_la_fusion_de_empresas-800x335.jpg",800,335,true],"portfolio_item-thumbnail_portrait":["https:\/\/www.aurbox.com\/wp-content\/uploads\/sites\/5\/2026\/01\/problemas_en_la_fusion_de_empresas-600x559.jpg",600,559,true],"portfolio_item-thumbnail_portrait@2x":["https:\/\/www.aurbox.com\/wp-content\/uploads\/sites\/5\/2026\/01\/problemas_en_la_fusion_de_empresas.jpg",1024,559,false],"portfolio_item-thumbnail_square":["https:\/\/www.aurbox.com\/wp-content\/uploads\/sites\/5\/2026\/01\/problemas_en_la_fusion_de_empresas-800x559.jpg",800,559,true]},"_links":{"self":[{"href":"https:\/\/www.aurbox.com\/en\/wp-json\/wp\/v2\/pages\/7150","targetHints":{"allow":["GET"]}}],"collection":[{"href":"https:\/\/www.aurbox.com\/en\/wp-json\/wp\/v2\/pages"}],"about":[{"href":"https:\/\/www.aurbox.com\/en\/wp-json\/wp\/v2\/types\/page"}],"author":[{"embeddable":true,"href":"https:\/\/www.aurbox.com\/en\/wp-json\/wp\/v2\/users\/1"}],"replies":[{"embeddable":true,"href":"https:\/\/www.aurbox.com\/en\/wp-json\/wp\/v2\/comments?post=7150"}],"version-history":[{"count":41,"href":"https:\/\/www.aurbox.com\/en\/wp-json\/wp\/v2\/pages\/7150\/revisions"}],"predecessor-version":[{"id":7197,"href":"https:\/\/www.aurbox.com\/en\/wp-json\/wp\/v2\/pages\/7150\/revisions\/7197"}],"wp:featuredmedia":[{"embeddable":true,"href":"https:\/\/www.aurbox.com\/en\/wp-json\/wp\/v2\/media\/7184"}],"wp:attachment":[{"href":"https:\/\/www.aurbox.com\/en\/wp-json\/wp\/v2\/media?parent=7150"}],"curies":[{"name":"wp","href":"https:\/\/api.w.org\/{rel}","templated":true}]}}